{"id":8,"date":"2018-05-04T12:31:29","date_gmt":"2018-05-04T10:31:29","guid":{"rendered":"http:\/\/ellipse-services.com\/?page_id=8"},"modified":"2018-05-07T09:38:04","modified_gmt":"2018-05-07T07:38:04","slug":"about","status":"publish","type":"page","link":"https:\/\/ellipse-services.com\/","title":{"rendered":"Introduction"},"content":{"rendered":"<p><strong><em>Un bureau de consultance &amp; d\u2019assistance technique.<\/em><\/strong><\/p>\n<p>Nous cumulons plus de 60 ans d\u2019exp\u00e9riences dans le secteur<\/p>\n<p>de l\u2019engineering aussi bien en bureau d\u2019\u00e9tudes qu\u2019en gestion de chantier.<\/p>\n<p>&nbsp;<\/p>\n<p><strong><u>Nous comprenons vos m\u00e9tiers et pouvons vous aider<\/u><\/strong><u>\u00a0<\/u>:<\/p>\n<p>En trouvant le consultant ou candidat ad\u00e9quat pour la r\u00e9alisation<\/p>\n<p>de vos projets, ainsi que pour le suivi de vos chantiers nationaux et internationaux.<\/p>\n<p>Pour remplacer une personne qui vous quitte et ainsi maintenir vos d\u00e9lais.<\/p>\n<p>Pour vous \u00e9pargner beaucoup de temps de recherche pour le recrutement.<\/p>\n<p>Nous pouvons \u00e9galement r\u00e9aliser une analyse objective d\u2019une partie ou de l\u2019ensemble de votre organisation afin de vous d\u00e9livrer des conseils pertinents visant \u00e0 am\u00e9liorer celle-ci.<\/p>\n<p>&nbsp;<\/p>\n<p><strong>Notre point fort et notre atout<\/strong> sont d\u2019avoir nous-m\u00eame r\u00e9alis\u00e9 des projets<\/p>\n<p>divers et vari\u00e9s, d\u00e8s lors nous savons ce que sont un contrat, un d\u00e9lai,<\/p>\n<p>un planning, des plans, des demandes de prix,<\/p>\n<p>une gestion de chantier \u2026<\/p>\n<p>&nbsp;<\/p>\n<p><strong><em>Nous parlons le m\u00eame langage que vous\u00a0!<\/em><\/strong><\/p>\n","protected":false},"excerpt":{"rendered":"<p>Un bureau de consultance &amp; d\u2019assistance technique. Nous cumulons plus de 60 ans d\u2019exp\u00e9riences dans le secteur de l\u2019engineering aussi bien en bureau d\u2019\u00e9tudes qu\u2019en gestion de chantier. &nbsp; Nous comprenons vos m\u00e9tiers et pouvons vous aider\u00a0: En trouvant le consultant ou candidat ad\u00e9quat pour la r\u00e9alisation de vos projets, ainsi que pour le suivi &hellip; <a href=\"https:\/\/ellipse-services.com\/\" class=\"more-link\">Continue reading <span class=\"screen-reader-text\">Introduction<\/span><\/a><\/p>\n","protected":false},"author":1,"featured_media":38,"parent":0,"menu_order":0,"comment_status":"closed","ping_status":"closed","template":"","meta":[],"_links":{"self":[{"href":"https:\/\/ellipse-services.com\/index.php\/wp-json\/wp\/v2\/pages\/8"}],"collection":[{"href":"https:\/\/ellipse-services.com\/index.php\/wp-json\/wp\/v2\/pages"}],"about":[{"href":"https:\/\/ellipse-services.com\/index.php\/wp-json\/wp\/v2\/types\/page"}],"author":[{"embeddable":true,"href":"https:\/\/ellipse-services.com\/index.php\/wp-json\/wp\/v2\/users\/1"}],"replies":[{"embeddable":true,"href":"https:\/\/ellipse-services.com\/index.php\/wp-json\/wp\/v2\/comments?post=8"}],"version-history":[{"count":3,"href":"https:\/\/ellipse-services.com\/index.php\/wp-json\/wp\/v2\/pages\/8\/revisions"}],"predecessor-version":[{"id":42,"href":"https:\/\/ellipse-services.com\/index.php\/wp-json\/wp\/v2\/pages\/8\/revisions\/42"}],"wp:featuredmedia":[{"embeddable":true,"href":"https:\/\/ellipse-services.com\/index.php\/wp-json\/wp\/v2\/media\/38"}],"wp:attachment":[{"href":"https:\/\/ellipse-services.com\/index.php\/wp-json\/wp\/v2\/media?parent=8"}],"curies":[{"name":"wp","href":"https:\/\/api.w.org\/{rel}","templated":true}]}}